{"id":5669,"date":"2024-04-18T00:09:01","date_gmt":"2024-04-18T00:09:01","guid":{"rendered":"https:\/\/dev.traderskitclub.com\/base-de-conhecimento\/"},"modified":"2024-04-19T11:50:05","modified_gmt":"2024-04-19T11:50:05","slug":"knowledge-base","status":"publish","type":"page","link":"https:\/\/dev.traderskitclub.com\/pt-br\/knowledge-base\/","title":{"rendered":"Base de conhecimento"},"content":{"rendered":"<section class='knowledge-base'>\n\n  <h1>Base de conhecimento<\/h1>\n\n  <ul><li><h2><a href=\"https:\/\/dev.traderskitclub.com\/pt-br\/como-ler-noticias-financeiras-para-negociar\/\">Como ler not\u00edcias financeiras para negociar<\/a><\/h2><p>A import\u00e2ncia das not\u00edcias financeiras As not\u00edcias financeiras t\u00eam um impacto significativo no mercado, fazendo com que os pre\u00e7os dos [&hellip;]<\/p>\n<\/li><li><h2><a href=\"https:\/\/dev.traderskitclub.com\/pt-br\/fundamentos-do-gerenciamento-de-dinheiro-em-negociacoes\/\">Fundamentos do gerenciamento de dinheiro em negocia\u00e7\u00f5es<\/a><\/h2><p>O que \u00e9 gerenciamento de dinheiro? A gest\u00e3o de patrim\u00f4nio \u00e9 o processo de gerenciar seus recursos financeiros ao negociar [&hellip;]<\/p>\n<\/li><li><h2><a href=\"https:\/\/dev.traderskitclub.com\/pt-br\/como-escolher-uma-plataforma-de-negociacao\/\">Como escolher uma plataforma de negocia\u00e7\u00e3o<\/a><\/h2><p>O que voc\u00ea deve observar Contas de demonstra\u00e7\u00e3o Antes de se comprometer com uma plataforma, use a conta de demonstra\u00e7\u00e3o [&hellip;]<\/p>\n<\/li><li><h2><a href=\"https:\/\/dev.traderskitclub.com\/pt-br\/gerenciamento-de-riscos-em-negociacoes\/\">Gerenciamento de riscos em negocia\u00e7\u00f5es<\/a><\/h2><p>Definir ordens para limitar perdas e fixar lucros As ordens com limite de perdas ajudam a limitar as perdas potenciais [&hellip;]<\/p>\n<\/li><\/ul>\n<\/section>","protected":false},"excerpt":{"rendered":"","protected":false},"author":2,"featured_media":0,"parent":0,"menu_order":0,"comment_status":"closed","ping_status":"closed","template":"","meta":{"_acf_changed":false,"footnotes":""},"class_list":["post-5669","page","type-page","status-publish","hentry"],"acf":[],"_links":{"self":[{"href":"https:\/\/dev.traderskitclub.com\/pt-br\/wp-json\/wp\/v2\/pages\/5669"}],"collection":[{"href":"https:\/\/dev.traderskitclub.com\/pt-br\/wp-json\/wp\/v2\/pages"}],"about":[{"href":"https:\/\/dev.traderskitclub.com\/pt-br\/wp-json\/wp\/v2\/types\/page"}],"author":[{"embeddable":true,"href":"https:\/\/dev.traderskitclub.com\/pt-br\/wp-json\/wp\/v2\/users\/2"}],"replies":[{"embeddable":true,"href":"https:\/\/dev.traderskitclub.com\/pt-br\/wp-json\/wp\/v2\/comments?post=5669"}],"version-history":[{"count":1,"href":"https:\/\/dev.traderskitclub.com\/pt-br\/wp-json\/wp\/v2\/pages\/5669\/revisions"}],"predecessor-version":[{"id":5670,"href":"https:\/\/dev.traderskitclub.com\/pt-br\/wp-json\/wp\/v2\/pages\/5669\/revisions\/5670"}],"wp:attachment":[{"href":"https:\/\/dev.traderskitclub.com\/pt-br\/wp-json\/wp\/v2\/media?parent=5669"}],"curies":[{"name":"wp","href":"https:\/\/api.w.org\/{rel}","templated":true}]}}