{"id":5737,"date":"2024-04-18T01:05:42","date_gmt":"2024-04-18T01:05:42","guid":{"rendered":"https:\/\/dev.traderskitclub.com\/diccionario\/"},"modified":"2024-04-19T10:21:32","modified_gmt":"2024-04-19T10:21:32","slug":"dictionary","status":"publish","type":"page","link":"https:\/\/dev.traderskitclub.com\/es\/dictionary\/","title":{"rendered":"Diccionario"},"content":{"rendered":"\n<section class='dictionary container large'>\n\n  <div class='top'>\n\n    <h1>\u0410\u0437\u0431\u0443\u043a\u0430 \u0422\u0440\u0435\u0439\u0434\u0435\u0440\u0430<\/h1>\n\n    <!-- Search input -->\n    <div class='search'>\n      <input\n        type='text'\n        id='search-input'\n        placeholder='Busca...'\n      >\n    <\/div>\n\n  <\/div>\n  \n  <div class='alphabet-filter'>\n    \n    <!-- Show All Button -->\n    <button class='filter-btn' data-filter='All'>\n      Mostrar todo    <\/button>\n\n    <!-- Letter -->\n                  <button \n          class='filter-btn active' \n          data-filter='A'\n        >\n          A        <\/button>\n              <button \n          class='filter-btn' \n          data-filter='D'\n        >\n          D        <\/button>\n              <button \n          class='filter-btn' \n          data-filter='L'\n        >\n          L        <\/button>\n              <button \n          class='filter-btn' \n          data-filter='M'\n        >\n          M        <\/button>\n              <button \n          class='filter-btn' \n          data-filter='V'\n        >\n          V        <\/button>\n          \n  <\/div>\n\n  <!-- Dictionary entries -->\n  <div class='dictionary-entries'>\n    \n                    <h3 data-letter='A'>A<\/h3>\n                    <div\n          class='dictionary-entry'\n          data-entry-letter='A'\n        >\n          <h4>Ajuste de m\u00e1rgenes<\/h4>\n          <p>Petici\u00f3n de un corredor de que un inversor deposite efectivo o valores adicionales para cubrir posibles p\u00e9rdidas. Se produce cuando la cuenta cae por debajo del nivel de mantenimiento de margen requerido.<\/p>\n        <\/div>\n              <div\n          class='dictionary-entry'\n          data-entry-letter='A'\n        >\n          <h4>Arbitraje<\/h4>\n          <p>Compra y venta simult\u00e1neas de un bien para beneficiarse de la diferencia de precio. Es una operaci\u00f3n que genera beneficios aprovechando las diferencias de precios de instrumentos financieros id\u00e9nticos o similares en distintos mercados o de distintas formas.<\/p>\n        <\/div>\n                    <h3 data-letter='D'>D<\/h3>\n                    <div\n          class='dictionary-entry'\n          data-entry-letter='D'\n        >\n          <h4>Diversificaci\u00f3n<\/h4>\n          <p>Una estrategia de inversi\u00f3n destinada a reducir el riesgo repartiendo las inversiones entre diferentes instrumentos financieros, industrias y otras categor\u00edas. El objetivo es maximizar los beneficios invirtiendo en distintas \u00e1reas, cada una de las cuales reacciona de forma diferente ante el mismo acontecimiento.<\/p>\n        <\/div>\n                    <h3 data-letter='L'>L<\/h3>\n                    <div\n          class='dictionary-entry'\n          data-entry-letter='L'\n        >\n          <h4>Liquidez<\/h4>\n          <p>Medida de la facilidad con que un activo o valor puede convertirse en efectivo sin afectar al precio de mercado. A menudo se considera que una liquidez elevada es se\u00f1al de un mercado sano.<\/p>\n        <\/div>\n                    <h3 data-letter='M'>M<\/h3>\n                    <div\n          class='dictionary-entry'\n          data-entry-letter='M'\n        >\n          <h4>Mercado alcista<\/h4>\n          <p>Fase del mercado financiero en la que los precios suben o se espera que suban. Se caracteriza por el optimismo, la confianza de los inversores y la expectativa de que la din\u00e1mica positiva contin\u00fae durante mucho tiempo.<\/p>\n        <\/div>\n              <div\n          class='dictionary-entry'\n          data-entry-letter='M'\n        >\n          <h4>Mercado bajista<\/h4>\n          <p>Una situaci\u00f3n de mercado en la que los precios bajan o se espera que bajen suele ir acompa\u00f1ada de un pesimismo generalizado. Generalmente se considera un descenso de m\u00e1s del 20% en varios \u00edndices de mercado amplios.<\/p>\n        <\/div>\n                    <h3 data-letter='V'>V<\/h3>\n                    <div\n          class='dictionary-entry'\n          data-entry-letter='V'\n        >\n          <h4>Volatilidad<\/h4>\n          <p>Medida estad\u00edstica de la dispersi\u00f3n de los rendimientos de un valor o \u00edndice de mercado determinado, que suele caracterizarse por fluctuaciones r\u00e1pidas y significativas de los precios.<\/p>\n        <\/div>\n      \n    \n  <\/div>\n\n  <!-- No results message -->\n  <div id='no-results' style='display:none;'>\n    No se encontraron entradas en el diccionario.  <\/div>\n\n<\/section>\n\n<script>\n  document.addEventListener('DOMContentLoaded', function() {\n\n    var dictionaryEntries = document.querySelector('.dictionary-entries')\n    var noResults = document.getElementById('no-results')\n\n    \/\/ Handle button clicks for filtering by letter\n    document.querySelectorAll('.filter-btn').forEach(function(button) {\n      button.addEventListener('click', function() {\n        \n        noResults.style.display = 'none'\n        document.getElementById('search-input').value = ''\n\n        \/\/ Remove active class from all buttons\n        document.querySelectorAll('.filter-btn').forEach(function(btn) {\n          btn.classList.remove('active')\n        })\n\n        \/\/ Add active class to the clicked button\n        this.classList.add('active')\n\n        var filterValue = this.getAttribute('data-filter')\n\n        \/\/ Show\/hide dictionary entries and headings based on filter\n        var currentLetterHeadings = new Set()\n        document.querySelectorAll('.dictionary-entry').forEach(function(entry) {\n          if (filterValue === 'All' || entry.getAttribute('data-entry-letter') === filterValue) {\n            entry.style.display = ''\n            currentLetterHeadings.add(entry.getAttribute('data-entry-letter'))\n          } else {\n            entry.style.display = 'none'\n          }\n        })\n\n        \/\/ Show\/hide headings based on entries\n        document.querySelectorAll('.dictionary-entries h3').forEach(function(heading) {\n          if (filterValue === 'All' || currentLetterHeadings.has(heading.getAttribute('data-letter'))) {\n            heading.style.display = ''\n          } else {\n            heading.style.display = 'none'\n          }\n        })\n      })\n    })\n\n    \/\/ Handle search input for filtering by word or explanation\n    document.getElementById('search-input').addEventListener('input', function() {\n      var searchText = this.value.toLowerCase()\n      var hasVisibleEntry = false\n\n      \/\/ Remove active class from all buttons when searching\n      document.querySelectorAll('.filter-btn').forEach(function(btn) {\n        btn.classList.remove('active')\n      })\n\n      \/\/ Show\/hide dictionary entries based on search input\n      var currentLetterHeadings = new Set()\n      document.querySelectorAll('.dictionary-entry').forEach(function(entry) {\n        var word = entry.querySelector('h4').textContent.toLowerCase()\n        var explanation = entry.querySelector('p').textContent.toLowerCase()\n\n        if (word.includes(searchText) || explanation.includes(searchText)) {\n          entry.style.display = ''\n          currentLetterHeadings.add(entry.getAttribute('data-entry-letter'))\n          hasVisibleEntry = true\n        } else {\n          entry.style.display = 'none'\n        }\n      })\n\n      \/\/ Show\/hide headings based on search results\n      document.querySelectorAll('.dictionary-entries h3').forEach(function(heading) {\n        if (currentLetterHeadings.has(heading.getAttribute('data-letter'))) {\n          heading.style.display = ''\n        } else {\n          heading.style.display = 'none'\n        }\n      })\n\n      noResults.style.display = hasVisibleEntry ? 'none' : ''\n    })\n\n    \/\/ Trigger click on the first letter button on page load\n    var firstLetterButton = document.querySelector('.filter-btn.active')\n    if (firstLetterButton) {\n      firstLetterButton.click()\n    }\n  })\n\n<\/script>","protected":false},"excerpt":{"rendered":"","protected":false},"author":17,"featured_media":0,"parent":0,"menu_order":0,"comment_status":"closed","ping_status":"closed","template":"","meta":{"_acf_changed":false,"footnotes":""},"class_list":["post-5737","page","type-page","status-publish","hentry"],"acf":[],"_links":{"self":[{"href":"https:\/\/dev.traderskitclub.com\/es\/wp-json\/wp\/v2\/pages\/5737"}],"collection":[{"href":"https:\/\/dev.traderskitclub.com\/es\/wp-json\/wp\/v2\/pages"}],"about":[{"href":"https:\/\/dev.traderskitclub.com\/es\/wp-json\/wp\/v2\/types\/page"}],"author":[{"embeddable":true,"href":"https:\/\/dev.traderskitclub.com\/es\/wp-json\/wp\/v2\/users\/17"}],"replies":[{"embeddable":true,"href":"https:\/\/dev.traderskitclub.com\/es\/wp-json\/wp\/v2\/comments?post=5737"}],"version-history":[{"count":1,"href":"https:\/\/dev.traderskitclub.com\/es\/wp-json\/wp\/v2\/pages\/5737\/revisions"}],"predecessor-version":[{"id":5739,"href":"https:\/\/dev.traderskitclub.com\/es\/wp-json\/wp\/v2\/pages\/5737\/revisions\/5739"}],"wp:attachment":[{"href":"https:\/\/dev.traderskitclub.com\/es\/wp-json\/wp\/v2\/media?parent=5737"}],"curies":[{"name":"wp","href":"https:\/\/api.w.org\/{rel}","templated":true}]}}