{"id":5671,"date":"2024-04-18T00:09:01","date_gmt":"2024-04-18T00:09:01","guid":{"rendered":"https:\/\/dev.traderskitclub.com\/base-de-conocimientos\/"},"modified":"2024-04-19T11:49:47","modified_gmt":"2024-04-19T11:49:47","slug":"knowledge-base","status":"publish","type":"page","link":"https:\/\/dev.traderskitclub.com\/es\/knowledge-base\/","title":{"rendered":"Base de conocimientos"},"content":{"rendered":"<section class='knowledge-base'>\n\n  <h1>Base de conocimientos<\/h1>\n\n  <ul><li><h2><a href=\"https:\/\/dev.traderskitclub.com\/es\/como-leer-las-noticias-financieras-para-operar\/\">C\u00f3mo leer las noticias financieras para operar<\/a><\/h2><p>La importancia de las noticias financieras Las noticias financieras tienen un impacto significativo en el mercado, haciendo que fluct\u00faen los [&hellip;]<\/p>\n<\/li><li><h2><a href=\"https:\/\/dev.traderskitclub.com\/es\/fundamentos-de-la-gestion-del-dinero-en-el-trading\/\">Fundamentos de la gesti\u00f3n del dinero en el trading<\/a><\/h2><p>\u00bfQu\u00e9 es la gesti\u00f3n del dinero? La gesti\u00f3n del patrimonio es el proceso de administrar tus recursos financieros cuando operas [&hellip;]<\/p>\n<\/li><li><h2><a href=\"https:\/\/dev.traderskitclub.com\/es\/como-elegir-una-plataforma-de-negociacion\/\">C\u00f3mo elegir una plataforma de negociaci\u00f3n<\/a><\/h2><p>Qu\u00e9 hay que tener en cuenta Cuentas demo Antes de comprometerte con una plataforma, utiliza su cuenta de demostraci\u00f3n para [&hellip;]<\/p>\n<\/li><li><h2><a href=\"https:\/\/dev.traderskitclub.com\/es\/gestion-del-riesgo-en-el-comercio\/\">Gesti\u00f3n del riesgo en el comercio<\/a><\/h2><p>Establecer \u00f3rdenes para limitar las p\u00e9rdidas y fijar los beneficios Las \u00f3rdenes con l\u00edmite de p\u00e9rdidas ayudan a limitar las [&hellip;]<\/p>\n<\/li><\/ul>\n<\/section>","protected":false},"excerpt":{"rendered":"","protected":false},"author":2,"featured_media":0,"parent":0,"menu_order":0,"comment_status":"closed","ping_status":"closed","template":"","meta":{"_acf_changed":false,"footnotes":""},"class_list":["post-5671","page","type-page","status-publish","hentry"],"acf":[],"_links":{"self":[{"href":"https:\/\/dev.traderskitclub.com\/es\/wp-json\/wp\/v2\/pages\/5671"}],"collection":[{"href":"https:\/\/dev.traderskitclub.com\/es\/wp-json\/wp\/v2\/pages"}],"about":[{"href":"https:\/\/dev.traderskitclub.com\/es\/wp-json\/wp\/v2\/types\/page"}],"author":[{"embeddable":true,"href":"https:\/\/dev.traderskitclub.com\/es\/wp-json\/wp\/v2\/users\/2"}],"replies":[{"embeddable":true,"href":"https:\/\/dev.traderskitclub.com\/es\/wp-json\/wp\/v2\/comments?post=5671"}],"version-history":[{"count":1,"href":"https:\/\/dev.traderskitclub.com\/es\/wp-json\/wp\/v2\/pages\/5671\/revisions"}],"predecessor-version":[{"id":5672,"href":"https:\/\/dev.traderskitclub.com\/es\/wp-json\/wp\/v2\/pages\/5671\/revisions\/5672"}],"wp:attachment":[{"href":"https:\/\/dev.traderskitclub.com\/es\/wp-json\/wp\/v2\/media?parent=5671"}],"curies":[{"name":"wp","href":"https:\/\/api.w.org\/{rel}","templated":true}]}}